{"id":603,"date":"2024-03-06T16:26:10","date_gmt":"2024-03-06T15:26:10","guid":{"rendered":"https:\/\/dancing-soul.pl\/?page_id=603"},"modified":"2024-03-06T16:37:33","modified_gmt":"2024-03-06T15:37:33","slug":"bon-jovi","status":"publish","type":"page","link":"https:\/\/dancing-soul.pl\/index.php\/bon-jovi\/","title":{"rendered":"Bon Jovi"},"content":{"rendered":"\t\t<div data-elementor-type=\"wp-page\" data-elementor-id=\"603\" class=\"elementor elementor-603\">\n\t\t\t\t<div class=\"elementor-element elementor-element-523c8a6 e-flex e-con-boxed e-con e-parent\" data-id=\"523c8a6\" data-element_type=\"container\">\n\t\t\t\t\t<div class=\"e-con-inner\">\n\t\t\t\t<div class=\"elementor-element elementor-element-72ffcc9 elementor-widget elementor-widget-radio_player\" data-id=\"72ffcc9\" data-element_type=\"widget\" data-widget_type=\"radio_player.default\">\n\t\t\t\t<div class=\"elementor-widget-container\">\n\t\t\t\t\t<div class=\"aligncenter\"><div class=\"radio_player\" data-player-type=\"shortcode\"data-data=\"eyJpZCI6MSwidGl0bGUiOiJQbGF5ZXIgVGl0bGUiLCJzdGlja3kiOmZhbHNlLCJzdGF0dXMiOnRydWUsInNraW4iOiJza2luMyIsInN0YXRpb25zIjpbeyJ0aXRsZSI6IlJhZGlvIERhbmNpbmcgU291bCIsInN0cmVhbSI6Imh0dHBzOlwvXC9zMy5zbG90ZXgucGw6NzA4MFwvc3RyZWFtXC8xXC8\/c2lkPTEiLCJ0aHVtYm5haWwiOiJodHRwczpcL1wvZGFuY2luZy1zb3VsLnBsXC93cC1jb250ZW50XC91cGxvYWRzXC8yMDI0XC8wMlwvbG9nbzEuZ2lmIn1dLCJwb3B1cF9pY29uIjpmYWxzZSwicGxheWxpc3RfaWNvbiI6ZmFsc2UsImhpc3RvcnlfaWNvbiI6ZmFsc2UsInZvbHVtZV9jb250cm9sIjp0cnVlLCJwbGF5ZXJfc3RhdHVzIjp0cnVlLCJzaG93X2FydGlzdCI6ZmFsc2UsInNob3dfYXJ0d29yayI6ZmFsc2UsInBsYXllcl90ZXh0IjoiTGlzdGVuIExpdmUiLCJ3aWR0aCI6MzAwLCJ3aWR0aF9tb2JpbGUiOjMwMCwiYm9yZGVyX3JhZGl1cyI6NSwiYmdfY29sb3IiOiIjZjRmN2Y5IiwiYmdfaW1hZ2UiOiJodHRwczpcL1wvZGFuY2luZy1zb3VsLnBsXC93cC1jb250ZW50XC9wbHVnaW5zXC9yYWRpby1wbGF5ZXJcL2Fzc2V0c1wvaW1hZ2VzXC9wbGF5ZXItYmcucG5nIiwiYmdfdHlwZSI6ImNvbG9yIiwiY29sb3JfdHlwZSI6InNvbGlkIiwidGV4dF9jb2xvciI6IiM1QzYzN0UiLCJib3hfc2hhZG93IjpmYWxzZSwiYm94X3NoYWRvd19oIjowLCJib3hfc2hhZG93X3YiOjAsImJveF9zaGFkb3dfYmx1ciI6MCwiYm94X3NoYWRvd19zcHJlYWQiOjAsImJveF9zaGFkb3dfY29sb3IiOiJyZ2JhKDAsIDAsIDAsIC41KSIsImJveF9zaGFkb3dfdHlwZSI6IiIsIndpZHRoX2RldmljZSI6ImRlc2t0b3AifQ==\"><\/div><\/div>\t\t\t\t<\/div>\n\t\t\t\t<\/div>\n\t\t\t\t<div class=\"elementor-element elementor-element-fdc5737 elementor-widget elementor-widget-image\" data-id=\"fdc5737\" data-element_type=\"widget\" data-widget_type=\"image.default\">\n\t\t\t\t<div class=\"elementor-widget-container\">\n\t\t\t\t\t\t\t\t\t\t\t\t\t\t\t<img fetchpriority=\"high\" decoding=\"async\" width=\"658\" height=\"342\" src=\"https:\/\/dancing-soul.pl\/wp-content\/uploads\/2024\/03\/jbj.jpg\" class=\"attachment-full size-full wp-image-601\" alt=\"jon\" srcset=\"https:\/\/dancing-soul.pl\/wp-content\/uploads\/2024\/03\/jbj.jpg 658w, https:\/\/dancing-soul.pl\/wp-content\/uploads\/2024\/03\/jbj-300x156.jpg 300w\" sizes=\"(max-width: 658px) 100vw, 658px\" \/>\t\t\t\t\t\t\t\t\t\t\t\t\t\t\t<\/div>\n\t\t\t\t<\/div>\n\t\t\t\t<div class=\"elementor-element elementor-element-05a35ae elementor-widget elementor-widget-heading\" data-id=\"05a35ae\" data-element_type=\"widget\" data-widget_type=\"heading.default\">\n\t\t\t\t<div class=\"elementor-widget-container\">\n\t\t\t\t\t<h2 class=\"elementor-heading-title elementor-size-default\">Bon Jovi<\/h2>\t\t\t\t<\/div>\n\t\t\t\t<\/div>\n\t\t\t\t<div class=\"elementor-element elementor-element-f5e2115 elementor-widget elementor-widget-text-editor\" data-id=\"f5e2115\" data-element_type=\"widget\" data-widget_type=\"text-editor.default\">\n\t\t\t\t<div class=\"elementor-widget-container\">\n\t\t\t\t\t\t\t\t\t<div class=\"x11i5rnm xat24cr x1mh8g0r x1vvkbs xtlvy1s x126k92a\"><div dir=\"auto\">Zesp\u00f3\u0142 Bon Jovi powsta\u0142 z inicjatywy Jona Bon Jovi, w\u0142a\u015bcicwie Johna Bongiovi. Od najm\u0142odszych lat gra\u0142 na fortepianie i gitarze oraz wsp\u00f3\u0142tworzy\u0142 kilka grup muzycznych, mi\u0119dzy innymi Raze, The Rest oraz Scandal. W wieku 16 lat wraz z Davidem Bryanem Rashbaumem za\u0142o\u017cy\u0142 zesp\u00f3\u0142 Atlantic City Expressway. Zesp\u00f3\u0142 wkr\u00f3tce si\u0119 rozpad\u0142.<\/div><\/div><div class=\"x11i5rnm xat24cr x1mh8g0r x1vvkbs xtlvy1s x126k92a\"><div dir=\"auto\">Po sukcesie piosenki \u201cRunaway\u201d i maj\u0105cym wkr\u00f3tce zosta\u0107 podpisanym kontrakcie Jon rozpocz\u0105\u0142 formowanie zespo\u0142u, kt\u00f3ry znamy jako dzisiejsze Bon Jovi. Zwerbowa\u0142 graj\u0105cego z nim wcze\u015bniej w ACE Davida Rashbauma oraz basist\u0119 Aleca Johna Sucha. Perkusist\u0105 zosta\u0142 Hector \u201eTico\u201d Torres, kt\u00f3ry mia\u0142 za sob\u0105 uznane wyst\u0119py live, mi\u0119dzy innymi z Chuckiem Berrym. By\u0142 zarazem do\u015bwiadczonym muzykiem sesyjnym. Wyst\u0119powa\u0142 te\u017c z Aleciem w zespole The Phantom\u2019s Opera.Rola gitarzysty przypad\u0142a s\u0105siadowi i wielkiemu przyjacielowi Jona, Dave\u2019owi \u201eThe Snake\u201d Sabo (p\u00f3\u017aniejszemu za\u0142o\u017cycielowi Skid Row). Sabo jednak nie wi\u0105za\u0142 z zespo\u0142em swojej przysz\u0142o\u015bci, st\u0105d poszukiwano nowego gitarzysty. Wkr\u00f3tce ich drogi skrzy\u017cowa\u0142y si\u0119 z Richiem Sambor\u0105, gitarzyst\u0105 wcze\u015bniej wystepuj\u0105cym z Joe Cockerem, Mercy czy Message, a tak\u017ce b\u0119d\u0105cym \u015bwie\u017co po castingu do zespo\u0142u Kiss. Sambora uzna\u0142, \u017ce pasuje do grupy m\u0142odego Jona i sam zg\u0142osi\u0142 si\u0119 na przes\u0142uchanie. Pocz\u0105tkowo Bongiovi by\u0142 przeciwny do\u0142\u0105czeniu Richiego do zespo\u0142u, jednak po wsp\u00f3lnym zagraniu kilku piosenek stwierdzi\u0142 natychmiast: \u201cOK, You\u2019re in.\u201d. Tym samym Sambora zaj\u0105\u0142 miejsce Sabo.<\/div><\/div><div class=\"x11i5rnm xat24cr x1mh8g0r x1vvkbs xtlvy1s x126k92a\"><div dir=\"auto\">Nied\u0142ugo potem David Rashbaum jako swoje nazwisko sceniczne przyj\u0105\u0142 swoje drugie imi\u0119 \u2013 Bryan, a John Bongiovi zmieni\u0142 oficjalnie nazwisko na Jon Bon Jovi \u2013 podczas pierwszych koncert\u00f3w publiczno\u015b\u0107 skandowa\u0142a \u201eBon Jovi\u201d wymawiaj\u0105c w\u0142oskie nazwisko Johna. Teraz ju\u017c jako Jon Bon Jovi nadal poszukiwa\u0142 nazwy dla zespo\u0142u. W\u015br\u00f3d propozycji podawano np. Johny Electric. Pamela Maher, podw\u0142adna Doca McGhee, pierwszego managera zespo\u0142u, zasugerowa\u0142a, aby nazwa\u0107 zesp\u00f3\u0142 po prostu Bon Jovi, od nazwiska lidera, podobnie jak inne zespo\u0142y, np. Van Halen. Ta opcja nie spodoba\u0142a si\u0119 muzykom, jednak z czasem zosta\u0142a zaakceptowana. Za rok powstania grupy czasami podaje si\u0119 1983 roku, ale oficjalnie liczy si\u0119 rok wydania pierwszej p\u0142yty \u2013 1984 rok.Pierwsza istotna zmiana w sk\u0142adzie nast\u0105pi\u0142a w 1994 roku, kiedy to z zespo\u0142u odszed\u0142 Alec John Such. Zesp\u00f3\u0142 zacz\u0105\u0142 si\u0119 skar\u017cy\u0107 na jego gr\u0119 podczas koncert\u00f3w \u2013 coraz cz\u0119\u015bciej fa\u0142szowa\u0142. Powodem mia\u0142y by\u0107 problemy ze zdrowiem po wypadku na motocyklu. P\u00f3\u017aniej pojawia\u0142 si\u0119 informacje o wspieraniu muzyka przez innych basist\u00f3w tak\u017ce podczas nagrywania p\u0142yt. Ostatecznie Aleca zast\u0105pi\u0142 Hugh McDonald, basista, kt\u00f3ry uczestniczy\u0142 przy nagrywaniu \u201cRunaway\u201d, ale a\u017c do 2016 r. nie zosta\u0142 oficjalnym cz\u0142onkiem zespo\u0142u. Such wyst\u0105pi\u0142 z Bon Jovi w 2001 roku podczas jednej piosenki na Giant Stadium w New Jersey oraz w 2018 podczas gali Rock\u2019n\u2019Roll Hall Of Fame. Alec John Such zmar\u0142 na atak serca w 2022.<\/div><\/div><div class=\"x11i5rnm xat24cr x1mh8g0r x1vvkbs xtlvy1s x126k92a\"><div dir=\"auto\">W 2005 roku podczas koncert\u00f3w wraz z zespo\u0142em wyst\u0119powali Bobby Bandiera (gitara rytmiczna) oraz Jeff Kazee (keyboard) \u2013 obaj znani z zespo\u0142u Southside Johnny and the Asbury Jukes, a tak\u017ce ze wcze\u015bniejszych wyst\u0119p\u00f3w solowych Jona Bon Jovi. Od tego czasu a\u017c do 2015 roku Bobby Bandiera wyst\u0119powa\u0142 jako gitarzysta rytmiczny podczas wszystkich tras koncertowych grupy, a tak\u017ce podczas wielu koncert\u00f3w Jona Bon Jovi.<\/div><\/div><div class=\"x11i5rnm xat24cr x1mh8g0r x1vvkbs xtlvy1s x126k92a\"><div dir=\"auto\">W latach 2005 \u2013 2009 podczas tras koncertowych z zespo\u0142em wyst\u0119powa\u0142a te\u017c skrzypaczka Lorenza Ponce, kt\u00f3ra nagra\u0142a tak\u017ce partie skrzypiec na album \u201cBurning Bridges\u201d. Wyst\u0119puje nadal podczas recitali i innych wyst\u0119p\u00f3w Jona, a czasami ca\u0142ego zespo\u0142u.Podczas \u201cThe Circle Tour\u201d w 2011 roku Richie Sambora trafi\u0142 do kliniki odwykowej. Na czas trasy zast\u0105pi\u0142 go Phil X Xenidis. W 2013 roku na czas operacji podczas koncert\u00f3w Tico Toressa zast\u0119powa\u0142 Rich Scannella.<\/div><\/div><div class=\"x11i5rnm xat24cr x1mh8g0r x1vvkbs xtlvy1s x126k92a\"><div dir=\"auto\">W 2013 roku podczas trasy koncertowej \u201cBecause We Can\u201d zesp\u00f3\u0142 opu\u015bci\u0142 Richie Sambora. Zosta\u0142 ponownie zast\u0105piony przez Phila Xenidisa, kt\u00f3ry od tego czasu wyst\u0119powa\u0142 z zespo\u0142em, a w 2016 r. zosta\u0142 przyj\u0119ty do grupy.<\/div><\/div><div class=\"x11i5rnm xat24cr x1mh8g0r x1vvkbs xtlvy1s x126k92a\"><div dir=\"auto\">W listopadzie 2014 r. Jon Bon Jovi w wywiadzie dla Showbiz 411 zapytany o odej\u015bcie Sambory powiedzia\u0142: \u201eOdszed\u0142, nie ma go. Bez urazy.\u201d P\u00f3\u017cniej opisywa\u0142, \u017ce odej\u015bcie Sambory by\u0142o dla niego bardzo trudnym prze\u017cyciem. Sam Sambora w wywiadzie dla \u201eLife\u201d powiedzia\u0142: \u201cNie ma ju\u017c we mnie urazy. Kocham Jona, i nadal widz\u0119 mo\u017cliwo\u015b\u0107 powrotu. Jest jeszcze kilka spraw, kt\u00f3re chc\u0119 \u2013 musz\u0119 \u2013 zako\u0144czy\u0107. (\u2026) Widz\u0119 jeszcze rok z innymi dla mnie priorytetami.\u201d Mimo up\u0142ywu czasu nie by\u0142o wida\u0107 perspektyw na powr\u00f3t \u2013 Sambora zaj\u0105\u0142 si\u0119 projektem RSO \u2013 duetem z gitarzystk\u0105 Orianthi.<\/div><\/div><div class=\"x11i5rnm xat24cr x1mh8g0r x1vvkbs xtlvy1s x126k92a\"><div dir=\"auto\">We wrze\u015bniu 2015 roku zesp\u00f3\u0142 w kr\u00f3tk\u0105 tras\u0119 koncertow\u0105 zamiast z Bobbym Bandier\u0105 ruszy\u0142 z Mathem O\u2019Ree.<\/div><\/div><div class=\"x11i5rnm xat24cr x1mh8g0r x1vvkbs xtlvy1s x126k92a\"><div dir=\"auto\">We wrze\u015bniu 2016 roku ukazano ok\u0142adk\u0119 albumu \u201cThis House Is Not For Sale\u201d, gdzie poza Jonem Bon Jovi, Tico Torresem i Davidem Bryanem widoczni byli Hugh McDonald oraz Phil X. Zosta\u0142o to odebrane jako przyj\u0119cie tych ostatnich do sk\u0142adu Bon Jovi, a nie uznawanie ich za muzyk\u00f3w towarzysz\u0105cych. Podczas kr\u00f3tkiej trasy promuj\u0105cej album z zespo\u0142em wyst\u0119powa\u0142 jego wsp\u00f3\u0142producent John Shanks (gitara), oraz muzyk Everett Bradley (instrumenty perkusyjne). Obaj wyst\u0119powali z zespo\u0142em tak\u017ce podczas \u201cThis House Is Not For Sale Tour\u201d.Zesp\u00f3\u0142 z Richiem Sambor\u0105 i Aleciem Johnem Suchem zagra\u0142 ponownie podczas gali w\u0142\u0105czenia do Rock\u2019n\u2019Roll Hall Of Fame 14 kwietnia 2018 r.<\/div><\/div><div class=\"x11i5rnm xat24cr x1mh8g0r x1vvkbs xtlvy1s x126k92a\"><div dir=\"auto\">Aktualni cz\u0142onkowie:<\/div><div dir=\"auto\">Jon Bon Jovi \u2013 wokal, gitara (od 1983 r.)<\/div><div dir=\"auto\">David Bryan \u2013 instrumenty klawiszowe, wokal wspieraj\u0105cy (od 1983 r.)<\/div><div dir=\"auto\">Tico Torres \u2013 perkusja (od 1983 r.)<\/div><div dir=\"auto\">Hugh McDonald \u2013 gitara basowa, wokal wspieraj\u0105cy (muzyk towarzysz\u0105cy od 1994 r., cz\u0142onek zespo\u0142u od 2016 r.)<\/div><div dir=\"auto\">Phil X Xenidis \u2013 gitara, wokal wspieraj\u0105cy (2011 r., od 2013 r. \u2013 zast\u0119pstwo za Sambor\u0119 podczas trasy; cz\u0142onek zespo\u0142u od 2016 r.)<\/div><\/div><div class=\"x11i5rnm xat24cr x1mh8g0r x1vvkbs xtlvy1s x126k92a\"><div dir=\"auto\">Byli cz\u0142onkowie:<\/div><div dir=\"auto\">Richie Sambora \u2013 gitara, wokal wspieraj\u0105cy (1983 \u2013 2013 r., jeden wyst\u0119p w 2018 r.)<\/div><div dir=\"auto\">Dave \u201cThe Snake\u201d Sabo \u2013 gitara, wokal wspieraj\u0105cy (1983 r.)<\/div><div dir=\"auto\">Alec John Such \u2013 gitara basowa, wokal wspieraj\u0105cy (1983 \u2013 1994 r., po jednym wyst\u0119pie w w 2001 i 2018 roku)<\/div><\/div><div class=\"x11i5rnm xat24cr x1mh8g0r x1vvkbs xtlvy1s x126k92a\"><div dir=\"auto\">Aktualni muzycy koncertowi:<\/div><div dir=\"auto\">John Shanks (od 2016 r.)<\/div><div dir=\"auto\">Everett Bradley (od 2016 r.)<\/div><\/div><div class=\"x11i5rnm xat24cr x1mh8g0r x1vvkbs xtlvy1s x126k92a\"><div dir=\"auto\">Byli muzycy koncertowi:<\/div><div dir=\"auto\">Jeff Kazee \u2013 instrumenty klawiszowe (2005 r.)<\/div><div dir=\"auto\">Lorenza Ponce \u2013 skrzypce, wokal wspieraj\u0105cy (2005 \u2013 2009 r., nadal podczas solowych i promocyjnych wyst\u0119p\u00f3w Jona Bon Jovi)<\/div><div dir=\"auto\">Rich Scannella \u2013 perkusja (2013 r. \u2013 zast\u0119pstwo Tico Torresa na czas leczenia)<\/div><div dir=\"auto\">Bobby Bandiera \u2013 gitara rytmiczna, wokal wspieraj\u0105cy (2005 \u2013 2015 r.)<\/div><div dir=\"auto\">Matt O\u2019Ree \u2013 gitara rytmiczna, wokal wspieraj\u0105cy (2015 r.)<\/div><\/div>\t\t\t\t\t\t\t\t<\/div>\n\t\t\t\t<\/div>\n\t\t\t\t<div class=\"elementor-element elementor-element-a417378 elementor-widget elementor-widget-heading\" data-id=\"a417378\" data-element_type=\"widget\" data-widget_type=\"heading.default\">\n\t\t\t\t<div class=\"elementor-widget-container\">\n\t\t\t\t\t<h1 class=\"elementor-heading-title elementor-size-default\">Radio Dancing soul \u0142aczy nas pasja do muzyki https:\/\/dancing-soul.pl<\/h1>\t\t\t\t<\/div>\n\t\t\t\t<\/div>\n\t\t\t\t\t<\/div>\n\t\t\t\t<\/div>\n\t\t<div class=\"elementor-element elementor-element-0d1a441 e-flex e-con-boxed e-con e-parent\" data-id=\"0d1a441\" data-element_type=\"container\">\n\t\t\t\t\t<div class=\"e-con-inner\">\n\t\t\t\t\t<\/div>\n\t\t\t\t<\/div>\n\t\t\t\t<\/div>\n\t\t","protected":false},"excerpt":{"rendered":"<p>Bon Jovi Zesp\u00f3\u0142 Bon Jovi powsta\u0142 z inicjatywy Jona Bon Jovi, w\u0142a\u015bcicwie Johna Bongiovi. Od najm\u0142odszych lat gra\u0142 na fortepianie i gitarze oraz wsp\u00f3\u0142tworzy\u0142 kilka [&hellip;]<\/p>\n","protected":false},"author":1,"featured_media":0,"parent":0,"menu_order":0,"comment_status":"closed","ping_status":"closed","template":"elementor_header_footer","meta":{"footnotes":""},"class_list":["post-603","page","type-page","status-publish","hentry"],"_links":{"self":[{"href":"https:\/\/dancing-soul.pl\/index.php\/wp-json\/wp\/v2\/pages\/603","targetHints":{"allow":["GET"]}}],"collection":[{"href":"https:\/\/dancing-soul.pl\/index.php\/wp-json\/wp\/v2\/pages"}],"about":[{"href":"https:\/\/dancing-soul.pl\/index.php\/wp-json\/wp\/v2\/types\/page"}],"author":[{"embeddable":true,"href":"https:\/\/dancing-soul.pl\/index.php\/wp-json\/wp\/v2\/users\/1"}],"replies":[{"embeddable":true,"href":"https:\/\/dancing-soul.pl\/index.php\/wp-json\/wp\/v2\/comments?post=603"}],"version-history":[{"count":25,"href":"https:\/\/dancing-soul.pl\/index.php\/wp-json\/wp\/v2\/pages\/603\/revisions"}],"predecessor-version":[{"id":628,"href":"https:\/\/dancing-soul.pl\/index.php\/wp-json\/wp\/v2\/pages\/603\/revisions\/628"}],"wp:attachment":[{"href":"https:\/\/dancing-soul.pl\/index.php\/wp-json\/wp\/v2\/media?parent=603"}],"curies":[{"name":"wp","href":"https:\/\/api.w.org\/{rel}","templated":true}]}}