{"id":407,"date":"2024-02-24T05:11:04","date_gmt":"2024-02-24T04:11:04","guid":{"rendered":"https:\/\/dancing-soul.pl\/?page_id=407"},"modified":"2024-02-25T08:08:18","modified_gmt":"2024-02-25T07:08:18","slug":"ksiega-tajemnic","status":"publish","type":"page","link":"https:\/\/dancing-soul.pl\/index.php\/ksiega-tajemnic\/","title":{"rendered":"Ksi\u0119ga Tajemnic"},"content":{"rendered":"\t\t<div data-elementor-type=\"wp-page\" data-elementor-id=\"407\" class=\"elementor elementor-407\">\n\t\t\t\t<div class=\"elementor-element elementor-element-1c446d5 e-flex e-con-boxed e-con e-parent\" data-id=\"1c446d5\" data-element_type=\"container\">\n\t\t\t\t\t<div class=\"e-con-inner\">\n\t\t\t\t<div class=\"elementor-element elementor-element-45f34be elementor-widget elementor-widget-radio_player\" data-id=\"45f34be\" data-element_type=\"widget\" data-widget_type=\"radio_player.default\">\n\t\t\t\t<div class=\"elementor-widget-container\">\n\t\t\t\t\t<div class=\"aligncenter\"><div class=\"radio_player\" data-player-type=\"shortcode\"data-data=\"eyJpZCI6MSwidGl0bGUiOiJQbGF5ZXIgVGl0bGUiLCJzdGlja3kiOmZhbHNlLCJzdGF0dXMiOnRydWUsInNraW4iOiJza2luMyIsInN0YXRpb25zIjpbeyJ0aXRsZSI6IlJhZGlvIERhbmNpbmcgU291bCIsInN0cmVhbSI6Imh0dHBzOlwvXC9zMy5zbG90ZXgucGw6NzA4MFwvc3RyZWFtXC8xXC8\/c2lkPTEiLCJ0aHVtYm5haWwiOiJodHRwczpcL1wvZGFuY2luZy1zb3VsLnBsXC93cC1jb250ZW50XC91cGxvYWRzXC8yMDI0XC8wMlwvbG9nbzEuZ2lmIn1dLCJwb3B1cF9pY29uIjpmYWxzZSwicGxheWxpc3RfaWNvbiI6ZmFsc2UsImhpc3RvcnlfaWNvbiI6ZmFsc2UsInZvbHVtZV9jb250cm9sIjp0cnVlLCJwbGF5ZXJfc3RhdHVzIjp0cnVlLCJzaG93X2FydGlzdCI6ZmFsc2UsInNob3dfYXJ0d29yayI6ZmFsc2UsInBsYXllcl90ZXh0IjoiTGlzdGVuIExpdmUiLCJ3aWR0aCI6MzAwLCJ3aWR0aF9tb2JpbGUiOjMwMCwiYm9yZGVyX3JhZGl1cyI6NSwiYmdfY29sb3IiOiIjZjRmN2Y5IiwiYmdfaW1hZ2UiOiJodHRwczpcL1wvZGFuY2luZy1zb3VsLnBsXC93cC1jb250ZW50XC9wbHVnaW5zXC9yYWRpby1wbGF5ZXJcL2Fzc2V0c1wvaW1hZ2VzXC9wbGF5ZXItYmcucG5nIiwiYmdfdHlwZSI6ImNvbG9yIiwiY29sb3JfdHlwZSI6InNvbGlkIiwidGV4dF9jb2xvciI6IiM1QzYzN0UiLCJib3hfc2hhZG93IjpmYWxzZSwiYm94X3NoYWRvd19oIjowLCJib3hfc2hhZG93X3YiOjAsImJveF9zaGFkb3dfYmx1ciI6MCwiYm94X3NoYWRvd19zcHJlYWQiOjAsImJveF9zaGFkb3dfY29sb3IiOiJyZ2JhKDAsIDAsIDAsIC41KSIsImJveF9zaGFkb3dfdHlwZSI6IiIsIndpZHRoX2RldmljZSI6ImRlc2t0b3AifQ==\"><\/div><\/div>\t\t\t\t<\/div>\n\t\t\t\t<\/div>\n\t\t\t\t<div class=\"elementor-element elementor-element-8c7193d elementor-position-top elementor-widget elementor-widget-image-box\" data-id=\"8c7193d\" data-element_type=\"widget\" data-widget_type=\"image-box.default\">\n\t\t\t\t<div class=\"elementor-widget-container\">\n\t\t\t\t\t<div class=\"elementor-image-box-wrapper\"><figure class=\"elementor-image-box-img\"><img fetchpriority=\"high\" decoding=\"async\" width=\"526\" height=\"526\" src=\"https:\/\/dancing-soul.pl\/wp-content\/uploads\/2024\/02\/pasjadomuzyki-1.jpg\" class=\"attachment-full size-full wp-image-399\" alt=\"pasjadomuzyki-1\" srcset=\"https:\/\/dancing-soul.pl\/wp-content\/uploads\/2024\/02\/pasjadomuzyki-1.jpg 526w, https:\/\/dancing-soul.pl\/wp-content\/uploads\/2024\/02\/pasjadomuzyki-1-300x300.jpg 300w, https:\/\/dancing-soul.pl\/wp-content\/uploads\/2024\/02\/pasjadomuzyki-1-150x150.jpg 150w\" sizes=\"(max-width: 526px) 100vw, 526px\" \/><\/figure><div class=\"elementor-image-box-content\"><h3 class=\"elementor-image-box-title\">Rekrutacja<\/h3><\/div><\/div>\t\t\t\t<\/div>\n\t\t\t\t<\/div>\n\t\t\t\t<div class=\"elementor-element elementor-element-dcd56b4 elementor-widget elementor-widget-text-editor\" data-id=\"dcd56b4\" data-element_type=\"widget\" data-widget_type=\"text-editor.default\">\n\t\t\t\t<div class=\"elementor-widget-container\">\n\t\t\t\t\t\t\t\t\t<p>Kochani , <br \/>zapraszamy do udzia\u0142u w rekrutacji do Radia Dancing Soul . <br \/>Je\u017celi kochasz kontakt \u017ce s\u0142uchaczami , <br \/>a twoj\u0105 pasj\u0105 jest radio i muzyka , zapraszamy do wsp\u00f3\u0142pracy . <br \/>Co oferujemy:<br \/>Wsparcie dla prezenter\u00f3w .<br \/>Rodzinn\u0105 atmosfer\u0119 .<br \/>Pomoc przy wymianie sprz\u0119tu na koszt radia , je\u017celi uleg\u0142 awarii .<br \/>Pomoc informatyczn\u0105 je\u017celi zajdzie potrzeba . <br \/>Konkursy z nagrodami raz w miesi\u0105cu , dla najbardziej kreatywnych prezenter\u00f3w .<br \/>Upominki od radia \u015bwi\u0105teczne .<br \/>Poszukujemy do r\u00f3\u017cnych audycji tematycznych ! .<br \/>-Granie na \u015bniadanie <br \/>-Informacje muzyczne <br \/>-Audycje muzyczne <br \/>-Audycje DJ <br \/>-Audycje imprezowe <br \/>-Audycje charytatywne <br \/>Ka\u017cdy prezenter\/ka<br \/>Dostanie sw\u00f3j program do prowadzenia ! . \ud83e\udd17<br \/>Nie czekaj zacznij podr\u00f3\u017c muzyczna autostrad\u0105 razem z Radiem DANCING SOUL<br \/>Kontakt z nami :<br \/>Messenger\/Facebook Dancing soul <br \/>GG 76824021<br \/>E-mail dancin.gsoul202210@gmail.com<br \/>Radio Dancing Soul<\/p><p>\u0141\u0105czy nas pasja do muzyki<\/p>\t\t\t\t\t\t\t\t<\/div>\n\t\t\t\t<\/div>\n\t\t\t\t\t<\/div>\n\t\t\t\t<\/div>\n\t\t\t\t<\/div>\n\t\t","protected":false},"excerpt":{"rendered":"<p>Rekrutacja Kochani , zapraszamy do udzia\u0142u w rekrutacji do Radia Dancing Soul . Je\u017celi kochasz kontakt \u017ce s\u0142uchaczami , a twoj\u0105 pasj\u0105 jest radio i [&hellip;]<\/p>\n","protected":false},"author":1,"featured_media":0,"parent":0,"menu_order":0,"comment_status":"closed","ping_status":"closed","template":"elementor_header_footer","meta":{"footnotes":""},"class_list":["post-407","page","type-page","status-publish","hentry"],"_links":{"self":[{"href":"https:\/\/dancing-soul.pl\/index.php\/wp-json\/wp\/v2\/pages\/407","targetHints":{"allow":["GET"]}}],"collection":[{"href":"https:\/\/dancing-soul.pl\/index.php\/wp-json\/wp\/v2\/pages"}],"about":[{"href":"https:\/\/dancing-soul.pl\/index.php\/wp-json\/wp\/v2\/types\/page"}],"author":[{"embeddable":true,"href":"https:\/\/dancing-soul.pl\/index.php\/wp-json\/wp\/v2\/users\/1"}],"replies":[{"embeddable":true,"href":"https:\/\/dancing-soul.pl\/index.php\/wp-json\/wp\/v2\/comments?post=407"}],"version-history":[{"count":28,"href":"https:\/\/dancing-soul.pl\/index.php\/wp-json\/wp\/v2\/pages\/407\/revisions"}],"predecessor-version":[{"id":477,"href":"https:\/\/dancing-soul.pl\/index.php\/wp-json\/wp\/v2\/pages\/407\/revisions\/477"}],"wp:attachment":[{"href":"https:\/\/dancing-soul.pl\/index.php\/wp-json\/wp\/v2\/media?parent=407"}],"curies":[{"name":"wp","href":"https:\/\/api.w.org\/{rel}","templated":true}]}}