{"id":370,"date":"2024-02-24T04:30:48","date_gmt":"2024-02-24T03:30:48","guid":{"rendered":"https:\/\/dancing-soul.pl\/?page_id=370"},"modified":"2024-02-24T06:54:15","modified_gmt":"2024-02-24T05:54:15","slug":"kontakt","status":"publish","type":"page","link":"https:\/\/dancing-soul.pl\/index.php\/coming-soon-one\/kontakt\/","title":{"rendered":"Kontakt"},"content":{"rendered":"\t\t<div data-elementor-type=\"wp-page\" data-elementor-id=\"370\" class=\"elementor elementor-370\">\n\t\t\t\t<div class=\"elementor-element elementor-element-83dcf2c e-flex e-con-boxed e-con e-parent\" data-id=\"83dcf2c\" data-element_type=\"container\">\n\t\t\t\t\t<div class=\"e-con-inner\">\n\t\t<div class=\"elementor-element elementor-element-db98040 e-con-full e-flex e-con e-child\" data-id=\"db98040\" data-element_type=\"container\">\n\t\t\t\t<div class=\"elementor-element elementor-element-05ed261 elementor-widget__width-initial elementor-invisible elementor-widget elementor-widget-image\" data-id=\"05ed261\" data-element_type=\"widget\" data-settings=\"{&quot;_animation&quot;:&quot;zoomInDown&quot;}\" data-widget_type=\"image.default\">\n\t\t\t\t<div class=\"elementor-widget-container\">\n\t\t\t\t\t\t\t\t\t\t\t\t\t\t\t<img fetchpriority=\"high\" decoding=\"async\" width=\"639\" height=\"644\" src=\"https:\/\/dancing-soul.pl\/wp-content\/uploads\/2024\/02\/pomagamy.jpg\" class=\"attachment-full size-full wp-image-181\" alt=\"pomoc\" srcset=\"https:\/\/dancing-soul.pl\/wp-content\/uploads\/2024\/02\/pomagamy.jpg 639w, https:\/\/dancing-soul.pl\/wp-content\/uploads\/2024\/02\/pomagamy-298x300.jpg 298w, https:\/\/dancing-soul.pl\/wp-content\/uploads\/2024\/02\/pomagamy-150x150.jpg 150w\" sizes=\"(max-width: 639px) 100vw, 639px\" \/>\t\t\t\t\t\t\t\t\t\t\t\t\t\t\t<\/div>\n\t\t\t\t<\/div>\n\t\t\t\t<\/div>\n\t\t<div class=\"elementor-element elementor-element-2cb412e e-con-full e-flex e-con e-child\" data-id=\"2cb412e\" data-element_type=\"container\">\n\t\t\t\t<div class=\"elementor-element elementor-element-f1aadf1 elementor-widget elementor-widget-radio_player\" data-id=\"f1aadf1\" data-element_type=\"widget\" data-widget_type=\"radio_player.default\">\n\t\t\t\t<div class=\"elementor-widget-container\">\n\t\t\t\t\t<div class=\"aligncenter\"><div class=\"radio_player\" data-player-type=\"shortcode\"data-data=\"eyJpZCI6MSwidGl0bGUiOiJQbGF5ZXIgVGl0bGUiLCJzdGlja3kiOmZhbHNlLCJzdGF0dXMiOnRydWUsInNraW4iOiJza2luMyIsInN0YXRpb25zIjpbeyJ0aXRsZSI6IlJhZGlvIERhbmNpbmcgU291bCIsInN0cmVhbSI6Imh0dHBzOlwvXC9zMy5zbG90ZXgucGw6NzA4MFwvc3RyZWFtXC8xXC8\/c2lkPTEiLCJ0aHVtYm5haWwiOiJodHRwczpcL1wvZGFuY2luZy1zb3VsLnBsXC93cC1jb250ZW50XC91cGxvYWRzXC8yMDI0XC8wMlwvbG9nbzEuZ2lmIn1dLCJwb3B1cF9pY29uIjpmYWxzZSwicGxheWxpc3RfaWNvbiI6ZmFsc2UsImhpc3RvcnlfaWNvbiI6ZmFsc2UsInZvbHVtZV9jb250cm9sIjp0cnVlLCJwbGF5ZXJfc3RhdHVzIjp0cnVlLCJzaG93X2FydGlzdCI6ZmFsc2UsInNob3dfYXJ0d29yayI6ZmFsc2UsInBsYXllcl90ZXh0IjoiTGlzdGVuIExpdmUiLCJ3aWR0aCI6MzAwLCJ3aWR0aF9tb2JpbGUiOjMwMCwiYm9yZGVyX3JhZGl1cyI6NSwiYmdfY29sb3IiOiIjZjRmN2Y5IiwiYmdfaW1hZ2UiOiJodHRwczpcL1wvZGFuY2luZy1zb3VsLnBsXC93cC1jb250ZW50XC9wbHVnaW5zXC9yYWRpby1wbGF5ZXJcL2Fzc2V0c1wvaW1hZ2VzXC9wbGF5ZXItYmcucG5nIiwiYmdfdHlwZSI6ImNvbG9yIiwiY29sb3JfdHlwZSI6InNvbGlkIiwidGV4dF9jb2xvciI6IiM1QzYzN0UiLCJib3hfc2hhZG93IjpmYWxzZSwiYm94X3NoYWRvd19oIjowLCJib3hfc2hhZG93X3YiOjAsImJveF9zaGFkb3dfYmx1ciI6MCwiYm94X3NoYWRvd19zcHJlYWQiOjAsImJveF9zaGFkb3dfY29sb3IiOiJyZ2JhKDAsIDAsIDAsIC41KSIsImJveF9zaGFkb3dfdHlwZSI6IiIsIndpZHRoX2RldmljZSI6ImRlc2t0b3AifQ==\"><\/div><\/div>\t\t\t\t<\/div>\n\t\t\t\t<\/div>\n\t\t\t\t<\/div>\n\t\t\t\t\t<\/div>\n\t\t\t\t<\/div>\n\t\t<div class=\"elementor-element elementor-element-ebc1036 e-flex e-con-boxed e-con e-parent\" data-id=\"ebc1036\" data-element_type=\"container\">\n\t\t\t\t\t<div class=\"e-con-inner\">\n\t\t\t\t<div class=\"elementor-element elementor-element-ed2c04b elementor-widget elementor-widget-wpforms\" data-id=\"ed2c04b\" data-element_type=\"widget\" data-widget_type=\"wpforms.default\">\n\t\t\t\t<div class=\"elementor-widget-container\">\n\t\t\t\t\t<style id=\"wpforms-css-vars-elementor-widget-ed2c04b\">\n\t\t\t\t.elementor-widget-wpforms.elementor-element-ed2c04b {\n\t\t\t\t--wpforms-label-color: #FFFFFFD9;\n--wpforms-label-sublabel-color: #F5F0F0A8;\n--wpforms-button-background-color: #43AB06;\n--wpforms-field-size-input-height: 43px;\n--wpforms-field-size-input-spacing: 15px;\n--wpforms-field-size-font-size: 16px;\n--wpforms-field-size-line-height: 19px;\n--wpforms-field-size-padding-h: 14px;\n--wpforms-field-size-checkbox-size: 16px;\n--wpforms-field-size-sublabel-spacing: 5px;\n--wpforms-field-size-icon-size: 1;\n--wpforms-label-size-font-size: 16px;\n--wpforms-label-size-line-height: 19px;\n--wpforms-label-size-sublabel-font-size: 14px;\n--wpforms-label-size-sublabel-line-height: 17px;\n--wpforms-button-size-font-size: 17px;\n--wpforms-button-size-height: 41px;\n--wpforms-button-size-padding-h: 15px;\n--wpforms-button-size-margin-top: 10px;\n\n\t\t\t}\n\t\t\t<\/style><div class=\"wpforms-container wpforms-container-full wpforms-render-modern\" id=\"wpforms-317\"><form id=\"wpforms-form-317\" class=\"wpforms-validate wpforms-form wpforms-ajax-form\" data-formid=\"317\" method=\"post\" enctype=\"multipart\/form-data\" action=\"\/index.php\/wp-json\/wp\/v2\/pages\/370\" data-token=\"dff07ca8cefa86c04d22caca3d172ad3\" data-token-time=\"1778057152\"><noscript class=\"wpforms-error-noscript\">Aby wype\u0142ni\u0107 ten formularz, w\u0142\u0105cz obs\u0142ug\u0119 JavaScript w przegl\u0105darce.<\/noscript><div class=\"wpforms-hidden\" id=\"wpforms-error-noscript\">Aby wype\u0142ni\u0107 ten formularz, w\u0142\u0105cz obs\u0142ug\u0119 JavaScript w przegl\u0105darce.<\/div><div class=\"wpforms-field-container\"><div id=\"wpforms-317-field_0-container\" class=\"wpforms-field wpforms-field-name\" data-field-id=\"0\"><label class=\"wpforms-field-label\" for=\"wpforms-317-field_0\">Imi\u0119 i Nazwisko <span class=\"wpforms-required-label\" aria-hidden=\"true\">*<\/span><\/label><input type=\"text\" id=\"wpforms-317-field_0\" class=\"wpforms-field-medium wpforms-field-required\" name=\"wpforms[fields][0]\" aria-errormessage=\"wpforms-317-field_0-error\" aria-describedby=\"wpforms-317-field_0-description\" required><div id=\"wpforms-317-field_0-description\" class=\"wpforms-field-description\">Imi\u0119 i Nazwisko<\/div><\/div><div id=\"wpforms-317-field_1-container\" class=\"wpforms-field wpforms-field-email\" data-field-id=\"1\"><label class=\"wpforms-field-label\" for=\"wpforms-317-field_1\">Adres e-mail <span class=\"wpforms-required-label\" aria-hidden=\"true\">*<\/span><\/label><input type=\"email\" id=\"wpforms-317-field_1\" class=\"wpforms-field-medium wpforms-field-required\" name=\"wpforms[fields][1]\" spellcheck=\"false\" aria-errormessage=\"wpforms-317-field_1-error\" required><\/div><div id=\"wpforms-317-field_2-container\" class=\"wpforms-field wpforms-field-textarea\" data-field-id=\"2\"><label class=\"wpforms-field-label\" for=\"wpforms-317-field_2\">Opisz Nam swoj\u0105 sytuacj\u0119<\/label><textarea id=\"wpforms-317-field_2\" class=\"wpforms-field-medium\" name=\"wpforms[fields][2]\" aria-errormessage=\"wpforms-317-field_2-error\" ><\/textarea><\/div><\/div><!-- .wpforms-field-container --><div class=\"wpforms-recaptcha-container wpforms-is-recaptcha wpforms-is-recaptcha-type-v3\" ><input type=\"hidden\" name=\"wpforms[recaptcha]\" value=\"\"><\/div><div class=\"wpforms-submit-container\" ><input type=\"hidden\" name=\"wpforms[id]\" value=\"317\"><input type=\"hidden\" name=\"page_title\" value=\"\"><input type=\"hidden\" name=\"page_url\" value=\"https:\/\/dancing-soul.pl\/index.php\/wp-json\/wp\/v2\/pages\/370\"><button type=\"submit\" name=\"wpforms[submit]\" id=\"wpforms-submit-317\" class=\"wpforms-submit\" data-alt-text=\"Wysy\u0142anie...\" data-submit-text=\"Prze\u015blij\" aria-live=\"assertive\" value=\"wpforms-submit\">Prze\u015blij<\/button><img decoding=\"async\" src=\"https:\/\/dancing-soul.pl\/wp-content\/plugins\/wpforms-lite\/assets\/images\/submit-spin.svg\" class=\"wpforms-submit-spinner\" style=\"display: none;\" width=\"26\" height=\"26\" alt=\"Wczytywanie\"><\/div><\/form><\/div>  <!-- .wpforms-container -->\t\t\t\t<\/div>\n\t\t\t\t<\/div>\n\t\t\t\t\t<\/div>\n\t\t\t\t<\/div>\n\t\t\t\t<\/div>\n\t\t","protected":false},"excerpt":{"rendered":"<p>Aby wype\u0142ni\u0107 ten formularz, w\u0142\u0105cz obs\u0142ug\u0119 JavaScript w przegl\u0105darce.Aby wype\u0142ni\u0107 ten formularz, w\u0142\u0105cz obs\u0142ug\u0119 JavaScript w przegl\u0105darce.Imi\u0119 i Nazwisko *Imi\u0119 i NazwiskoAdres e-mail *Opisz Nam [&hellip;]<\/p>\n","protected":false},"author":1,"featured_media":0,"parent":20,"menu_order":0,"comment_status":"closed","ping_status":"closed","template":"elementor_header_footer","meta":{"footnotes":""},"class_list":["post-370","page","type-page","status-publish","hentry"],"_links":{"self":[{"href":"https:\/\/dancing-soul.pl\/index.php\/wp-json\/wp\/v2\/pages\/370","targetHints":{"allow":["GET"]}}],"collection":[{"href":"https:\/\/dancing-soul.pl\/index.php\/wp-json\/wp\/v2\/pages"}],"about":[{"href":"https:\/\/dancing-soul.pl\/index.php\/wp-json\/wp\/v2\/types\/page"}],"author":[{"embeddable":true,"href":"https:\/\/dancing-soul.pl\/index.php\/wp-json\/wp\/v2\/users\/1"}],"replies":[{"embeddable":true,"href":"https:\/\/dancing-soul.pl\/index.php\/wp-json\/wp\/v2\/comments?post=370"}],"version-history":[{"count":32,"href":"https:\/\/dancing-soul.pl\/index.php\/wp-json\/wp\/v2\/pages\/370\/revisions"}],"predecessor-version":[{"id":454,"href":"https:\/\/dancing-soul.pl\/index.php\/wp-json\/wp\/v2\/pages\/370\/revisions\/454"}],"up":[{"embeddable":true,"href":"https:\/\/dancing-soul.pl\/index.php\/wp-json\/wp\/v2\/pages\/20"}],"wp:attachment":[{"href":"https:\/\/dancing-soul.pl\/index.php\/wp-json\/wp\/v2\/media?parent=370"}],"curies":[{"name":"wp","href":"https:\/\/api.w.org\/{rel}","templated":true}]}}