{"id":20,"date":"2024-02-20T11:12:13","date_gmt":"2024-02-20T10:12:13","guid":{"rendered":"https:\/\/dancing-soul.pl\/index.php\/coming-soon-one\/"},"modified":"2026-01-07T23:35:58","modified_gmt":"2026-01-07T22:35:58","slug":"coming-soon-one","status":"publish","type":"page","link":"https:\/\/dancing-soul.pl\/","title":{"rendered":"Radio Dancing Soul"},"content":{"rendered":"\t\t<div data-elementor-type=\"wp-page\" data-elementor-id=\"20\" class=\"elementor elementor-20\">\n\t\t\t\t<div class=\"elementor-element elementor-element-c45d752 e-flex e-con-boxed e-con e-parent\" data-id=\"c45d752\" data-element_type=\"container\">\n\t\t\t\t\t<div class=\"e-con-inner\">\n\t\t<div class=\"elementor-element elementor-element-64f8d2e e-con-full e-flex e-con e-child\" data-id=\"64f8d2e\" data-element_type=\"container\">\n\t\t\t\t<div class=\"elementor-element elementor-element-824e89b elementor-invisible elementor-widget elementor-widget-html\" data-id=\"824e89b\" data-element_type=\"widget\" data-settings=\"{&quot;_animation&quot;:&quot;slideInDown&quot;}\" data-widget_type=\"html.default\">\n\t\t\t\t<div class=\"elementor-widget-container\">\n\t\t\t\t\t<iframe src=\"https:\/\/staty.portalradiowy.pl\/statystyki\/styl9\/staty.php?ip=s3.slotex.pl&port=7080&style=6&time=10&color=000000\" border=\"0\" marginwidth=\"0\" marginheight=\"0\" frameborder=\"no\" scrolling=\"no\" width=\"100%\" height=\"150\"><\/iframe>\t\t\t\t<\/div>\n\t\t\t\t<\/div>\n\t\t\t\t<div class=\"elementor-element elementor-element-c9bdfdb elementor-widget elementor-widget-radio_player\" data-id=\"c9bdfdb\" data-element_type=\"widget\" data-widget_type=\"radio_player.default\">\n\t\t\t\t<div class=\"elementor-widget-container\">\n\t\t\t\t\t<div class=\"aligncenter\"><div class=\"radio_player\" data-player-type=\"shortcode\"data-data=\"eyJpZCI6MSwidGl0bGUiOiJQbGF5ZXIgVGl0bGUiLCJzdGlja3kiOmZhbHNlLCJzdGF0dXMiOnRydWUsInNraW4iOiJza2luMyIsInN0YXRpb25zIjpbeyJ0aXRsZSI6IlJhZGlvIERhbmNpbmcgU291bCIsInN0cmVhbSI6Imh0dHBzOlwvXC9zMy5zbG90ZXgucGw6NzA4MFwvc3RyZWFtXC8xXC8\/c2lkPTEiLCJ0aHVtYm5haWwiOiJodHRwczpcL1wvZGFuY2luZy1zb3VsLnBsXC93cC1jb250ZW50XC91cGxvYWRzXC8yMDI0XC8wMlwvbG9nbzEuZ2lmIn1dLCJwb3B1cF9pY29uIjpmYWxzZSwicGxheWxpc3RfaWNvbiI6ZmFsc2UsImhpc3RvcnlfaWNvbiI6ZmFsc2UsInZvbHVtZV9jb250cm9sIjp0cnVlLCJwbGF5ZXJfc3RhdHVzIjp0cnVlLCJzaG93X2FydGlzdCI6ZmFsc2UsInNob3dfYXJ0d29yayI6ZmFsc2UsInBsYXllcl90ZXh0IjoiTGlzdGVuIExpdmUiLCJ3aWR0aCI6MzAwLCJ3aWR0aF9tb2JpbGUiOjMwMCwiYm9yZGVyX3JhZGl1cyI6NSwiYmdfY29sb3IiOiIjZjRmN2Y5IiwiYmdfaW1hZ2UiOiJodHRwczpcL1wvZGFuY2luZy1zb3VsLnBsXC93cC1jb250ZW50XC9wbHVnaW5zXC9yYWRpby1wbGF5ZXJcL2Fzc2V0c1wvaW1hZ2VzXC9wbGF5ZXItYmcucG5nIiwiYmdfdHlwZSI6ImNvbG9yIiwiY29sb3JfdHlwZSI6InNvbGlkIiwidGV4dF9jb2xvciI6IiM1QzYzN0UiLCJib3hfc2hhZG93IjpmYWxzZSwiYm94X3NoYWRvd19oIjowLCJib3hfc2hhZG93X3YiOjAsImJveF9zaGFkb3dfYmx1ciI6MCwiYm94X3NoYWRvd19zcHJlYWQiOjAsImJveF9zaGFkb3dfY29sb3IiOiJyZ2JhKDAsIDAsIDAsIC41KSIsImJveF9zaGFkb3dfdHlwZSI6IiIsIndpZHRoX2RldmljZSI6ImRlc2t0b3AifQ==\"><\/div><\/div>\t\t\t\t<\/div>\n\t\t\t\t<\/div>\n\t\t\t\t<div class=\"elementor-element elementor-element-486fe34 elementor-arrows-position-inside elementor-invisible elementor-widget elementor-widget-image-carousel\" data-id=\"486fe34\" data-element_type=\"widget\" data-settings=\"{&quot;slides_to_show&quot;:&quot;5&quot;,&quot;slides_to_show_mobile&quot;:&quot;3&quot;,&quot;slides_to_scroll&quot;:&quot;1&quot;,&quot;pause_on_hover&quot;:&quot;no&quot;,&quot;_animation&quot;:&quot;bounceIn&quot;,&quot;navigation&quot;:&quot;arrows&quot;,&quot;autoplay&quot;:&quot;yes&quot;,&quot;pause_on_interaction&quot;:&quot;yes&quot;,&quot;autoplay_speed&quot;:5000,&quot;infinite&quot;:&quot;yes&quot;,&quot;speed&quot;:500}\" data-widget_type=\"image-carousel.default\">\n\t\t\t\t<div class=\"elementor-widget-container\">\n\t\t\t\t\t\t\t<div class=\"elementor-image-carousel-wrapper swiper\" role=\"region\" aria-roledescription=\"carousel\" aria-label=\"Karuzela obrazk\u00f3w\" dir=\"ltr\">\n\t\t\t<div class=\"elementor-image-carousel swiper-wrapper swiper-image-stretch\" aria-live=\"off\">\n\t\t\t\t\t\t\t\t<div class=\"swiper-slide\" role=\"group\" aria-roledescription=\"slide\" aria-label=\"1 z 5\"><figure class=\"swiper-slide-inner\"><img decoding=\"async\" class=\"swiper-slide-image\" src=\"https:\/\/dancing-soul.pl\/wp-content\/uploads\/2024\/03\/marecki.jpg\" alt=\"Marecki\" \/><figcaption class=\"elementor-image-carousel-caption\">Marecki<\/figcaption><\/figure><\/div><div class=\"swiper-slide\" role=\"group\" aria-roledescription=\"slide\" aria-label=\"2 z 5\"><figure class=\"swiper-slide-inner\"><img decoding=\"async\" class=\"swiper-slide-image\" src=\"https:\/\/dancing-soul.pl\/wp-content\/uploads\/2024\/03\/dsoul-150x150.jpg\" alt=\"dancing soul\" \/><figcaption class=\"elementor-image-carousel-caption\">Dancing Soul<\/figcaption><\/figure><\/div><div class=\"swiper-slide\" role=\"group\" aria-roledescription=\"slide\" aria-label=\"3 z 5\"><figure class=\"swiper-slide-inner\"><img decoding=\"async\" class=\"swiper-slide-image\" src=\"https:\/\/dancing-soul.pl\/wp-content\/uploads\/2024\/02\/klaudia.jpg\" alt=\"Klaudia\" \/><figcaption class=\"elementor-image-carousel-caption\">Klaudia<\/figcaption><\/figure><\/div><div class=\"swiper-slide\" role=\"group\" aria-roledescription=\"slide\" aria-label=\"4 z 5\"><figure class=\"swiper-slide-inner\"><img decoding=\"async\" class=\"swiper-slide-image\" src=\"https:\/\/dancing-soul.pl\/wp-content\/uploads\/2024\/02\/Monia7.jpg\" alt=\"Monia\" \/><figcaption class=\"elementor-image-carousel-caption\">Monia76<\/figcaption><\/figure><\/div><div class=\"swiper-slide\" role=\"group\" aria-roledescription=\"slide\" aria-label=\"5 z 5\"><figure class=\"swiper-slide-inner\"><img decoding=\"async\" class=\"swiper-slide-image\" src=\"https:\/\/dancing-soul.pl\/wp-content\/uploads\/2024\/02\/pasjadomuzyki-1-150x150.jpg\" alt=\"pasjadomuzyki-1\" \/><figcaption class=\"elementor-image-carousel-caption\">DancingSoul<\/figcaption><\/figure><\/div>\t\t\t<\/div>\n\t\t\t\t\t\t\t\t\t\t\t\t<div class=\"elementor-swiper-button elementor-swiper-button-prev\" role=\"button\" tabindex=\"0\">\n\t\t\t\t\t\t<svg aria-hidden=\"true\" class=\"e-font-icon-svg e-eicon-chevron-left\" viewBox=\"0 0 1000 1000\" xmlns=\"http:\/\/www.w3.org\/2000\/svg\"><path d=\"M646 125C629 125 613 133 604 142L308 442C296 454 292 471 292 487 292 504 296 521 308 533L604 854C617 867 629 875 646 875 663 875 679 871 692 858 704 846 713 829 713 812 713 796 708 779 692 767L438 487 692 225C700 217 708 204 708 187 708 171 704 154 692 142 675 129 663 125 646 125Z\"><\/path><\/svg>\t\t\t\t\t<\/div>\n\t\t\t\t\t<div class=\"elementor-swiper-button elementor-swiper-button-next\" role=\"button\" tabindex=\"0\">\n\t\t\t\t\t\t<svg aria-hidden=\"true\" class=\"e-font-icon-svg e-eicon-chevron-right\" viewBox=\"0 0 1000 1000\" xmlns=\"http:\/\/www.w3.org\/2000\/svg\"><path d=\"M696 533C708 521 713 504 713 487 713 471 708 454 696 446L400 146C388 133 375 125 354 125 338 125 325 129 313 142 300 154 292 171 292 187 292 204 296 221 308 233L563 492 304 771C292 783 288 800 288 817 288 833 296 850 308 863 321 871 338 875 354 875 371 875 388 867 400 854L696 533Z\"><\/path><\/svg>\t\t\t\t\t<\/div>\n\t\t\t\t\n\t\t\t\t\t\t\t\t\t<\/div>\n\t\t\t\t\t\t<\/div>\n\t\t\t\t<\/div>\n\t\t<div class=\"elementor-element elementor-element-777e674 e-flex e-con-boxed e-con e-child\" data-id=\"777e674\" data-element_type=\"container\">\n\t\t\t\t\t<div class=\"e-con-inner\">\n\t\t\t\t<div class=\"elementor-element elementor-element-6be6dd1 elementor-widget elementor-widget-html\" data-id=\"6be6dd1\" data-element_type=\"widget\" data-widget_type=\"html.default\">\n\t\t\t\t<div class=\"elementor-widget-container\">\n\t\t\t\t\t<iframe src=\"https:\/\/dancing-soul.pl\/blabax-pro\/\" width=100% height=\"800\"><\/iframe>\t\t\t\t<\/div>\n\t\t\t\t<\/div>\n\t\t\t\t\t<\/div>\n\t\t\t\t<\/div>\n\t\t\t\t<\/div>\n\t\t<div class=\"elementor-element elementor-element-334aca0 e-con-full e-flex e-con e-child\" data-id=\"334aca0\" data-element_type=\"container\">\n\t\t<div class=\"elementor-element elementor-element-1b72131 e-flex e-con-boxed e-con e-child\" data-id=\"1b72131\" data-element_type=\"container\">\n\t\t\t\t\t<div class=\"e-con-inner\">\n\t\t\t\t\t<\/div>\n\t\t\t\t<\/div>\n\t\t\t\t<div class=\"elementor-element elementor-element-e882d00 elementor-widget__width-initial elementor-invisible elementor-widget elementor-widget-image\" data-id=\"e882d00\" data-element_type=\"widget\" data-settings=\"{&quot;_animation&quot;:&quot;rollIn&quot;}\" data-widget_type=\"image.default\">\n\t\t\t\t<div class=\"elementor-widget-container\">\n\t\t\t\t\t\t\t\t\t\t\t\t<figure class=\"wp-caption\">\n\t\t\t\t\t\t\t\t\t\t\t<a href=\"https:\/\/dancing-soul.pl\/index.php\/coming-soon-one\/kontakt\/\">\n\t\t\t\t\t\t\t<img fetchpriority=\"high\" decoding=\"async\" width=\"1024\" height=\"1024\" src=\"https:\/\/dancing-soul.pl\/wp-content\/uploads\/2026\/01\/logods1.jpeg\" class=\"elementor-animation-pulse attachment-full size-full wp-image-1064\" alt=\"\" srcset=\"https:\/\/dancing-soul.pl\/wp-content\/uploads\/2026\/01\/logods1.jpeg 1024w, https:\/\/dancing-soul.pl\/wp-content\/uploads\/2026\/01\/logods1-300x300.jpeg 300w, https:\/\/dancing-soul.pl\/wp-content\/uploads\/2026\/01\/logods1-150x150.jpeg 150w, https:\/\/dancing-soul.pl\/wp-content\/uploads\/2026\/01\/logods1-768x768.jpeg 768w\" sizes=\"(max-width: 1024px) 100vw, 1024px\" \/>\t\t\t\t\t\t\t\t<\/a>\n\t\t\t\t\t\t\t\t\t\t\t<figcaption class=\"widget-image-caption wp-caption-text\">W porozumieniu ze sponsorami  , jak i darczy\u0144cami. Otwieramy nowe mo\u017cliwo\u015bci przed potrzebuj\u0105cymi. <br> -Organizacja leczenia <br> -pomoc w wykupieniu lek\u00f3w <br> -Wsparcie  psychologiczne <br> -Organizacja operacji w kraju jak i po za granicami.<\/figcaption>\n\t\t\t\t\t\t\t\t\t\t<\/figure>\n\t\t\t\t\t\t\t\t\t<\/div>\n\t\t\t\t<\/div>\n\t\t\t\t<div class=\"elementor-element elementor-element-d1ed515 elementor-align-center elementor-widget elementor-widget-button\" data-id=\"d1ed515\" data-element_type=\"widget\" data-widget_type=\"button.default\">\n\t\t\t\t<div class=\"elementor-widget-container\">\n\t\t\t\t\t\t\t\t\t<div class=\"elementor-button-wrapper\">\n\t\t\t\t\t<a class=\"elementor-button elementor-button-link elementor-size-sm\" href=\"https:\/\/dancing-soul.pl\/index.php\/coming-soon-one\/kontakt\/\">\n\t\t\t\t\t\t<span class=\"elementor-button-content-wrapper\">\n\t\t\t\t\t\t\t\t\t<span class=\"elementor-button-text\">Popro\u015b  o pomoc<\/span>\n\t\t\t\t\t<\/span>\n\t\t\t\t\t<\/a>\n\t\t\t\t<\/div>\n\t\t\t\t\t\t\t\t<\/div>\n\t\t\t\t<\/div>\n\t\t\t\t<\/div>\n\t\t\t\t\t<\/div>\n\t\t\t\t<\/div>\n\t\t<div class=\"elementor-element elementor-element-b4a86e6 e-flex e-con-boxed e-con e-parent\" data-id=\"b4a86e6\" data-element_type=\"container\">\n\t\t\t\t\t<div class=\"e-con-inner\">\n\t\t\t\t<div class=\"elementor-element elementor-element-5d34239 elementor-invisible elementor-widget elementor-widget-image-box\" data-id=\"5d34239\" data-element_type=\"widget\" data-settings=\"{&quot;_animation&quot;:&quot;zoomIn&quot;}\" data-widget_type=\"image-box.default\">\n\t\t\t\t<div class=\"elementor-widget-container\">\n\t\t\t\t\t<div class=\"elementor-image-box-wrapper\"><div class=\"elementor-image-box-content\"><h3 class=\"elementor-image-box-title\">Radio Dancing Soul <\/h3><\/div><\/div>\t\t\t\t<\/div>\n\t\t\t\t<\/div>\n\t\t<div class=\"elementor-element elementor-element-0314b86 e-con-full e-flex e-con e-child\" data-id=\"0314b86\" data-element_type=\"container\">\n\t\t\t\t<div class=\"elementor-element elementor-element-e7dbc58 animated-slow elementor-widget__width-inherit elementor-invisible elementor-widget elementor-widget-image\" data-id=\"e7dbc58\" data-element_type=\"widget\" data-settings=\"{&quot;_animation&quot;:&quot;fadeInUp&quot;}\" data-widget_type=\"image.default\">\n\t\t\t\t<div class=\"elementor-widget-container\">\n\t\t\t\t\t\t\t\t\t\t\t\t<figure class=\"wp-caption\">\n\t\t\t\t\t\t\t\t\t\t\t<a href=\"https:\/\/dancing-soul.pl\/index.php\/scooter\/\">\n\t\t\t\t\t\t\t<img decoding=\"async\" width=\"280\" height=\"158\" src=\"https:\/\/dancing-soul.pl\/wp-content\/uploads\/2024\/03\/scooter.jpg\" class=\"attachment-full size-full wp-image-529\" alt=\"Scooter\" \/>\t\t\t\t\t\t\t\t<\/a>\n\t\t\t\t\t\t\t\t\t\t\t<figcaption class=\"widget-image-caption wp-caption-text\"> Scooter \u2013 niemiecki zesp\u00f3\u0142 muzyczny za\u0142o\u017cony w 1993 roku ... wiecej? kliknij zdj\u0119cie<\/figcaption>\n\t\t\t\t\t\t\t\t\t\t<\/figure>\n\t\t\t\t\t\t\t\t\t<\/div>\n\t\t\t\t<\/div>\n\t\t\t\t<\/div>\n\t\t\t\t<div class=\"elementor-element elementor-element-067a92b elementor-invisible elementor-widget elementor-widget-image\" data-id=\"067a92b\" data-element_type=\"widget\" data-settings=\"{&quot;_animation&quot;:&quot;fadeInRight&quot;}\" data-widget_type=\"image.default\">\n\t\t\t\t<div class=\"elementor-widget-container\">\n\t\t\t\t\t\t\t\t\t\t\t\t<figure class=\"wp-caption\">\n\t\t\t\t\t\t\t\t\t\t\t<a href=\"https:\/\/dancing-soul.pl\/index.php\/bon-jovi\/\">\n\t\t\t\t\t\t\t<img decoding=\"async\" width=\"658\" height=\"342\" src=\"https:\/\/dancing-soul.pl\/wp-content\/uploads\/2024\/03\/jbj.jpg\" class=\"attachment-full size-full wp-image-601\" alt=\"jon\" srcset=\"https:\/\/dancing-soul.pl\/wp-content\/uploads\/2024\/03\/jbj.jpg 658w, https:\/\/dancing-soul.pl\/wp-content\/uploads\/2024\/03\/jbj-300x156.jpg 300w\" sizes=\"(max-width: 658px) 100vw, 658px\" \/>\t\t\t\t\t\t\t\t<\/a>\n\t\t\t\t\t\t\t\t\t\t\t<figcaption class=\"widget-image-caption wp-caption-text\">Info nutka ze \u015bwiata melodii  Zesp\u00f3\u0142 Bon Jovi<\/figcaption>\n\t\t\t\t\t\t\t\t\t\t<\/figure>\n\t\t\t\t\t\t\t\t\t<\/div>\n\t\t\t\t<\/div>\n\t\t<div class=\"elementor-element elementor-element-e1a04d4 e-flex e-con-boxed e-con e-child\" data-id=\"e1a04d4\" data-element_type=\"container\">\n\t\t\t\t\t<div class=\"e-con-inner\">\n\t\t\t\t<div class=\"elementor-element elementor-element-279902d elementor-widget__width-initial elementor-widget elementor-widget-image\" data-id=\"279902d\" data-element_type=\"widget\" data-widget_type=\"image.default\">\n\t\t\t\t<div class=\"elementor-widget-container\">\n\t\t\t\t\t\t\t\t\t\t\t\t<figure class=\"wp-caption\">\n\t\t\t\t\t\t\t\t\t\t\t<a href=\"https:\/\/dancing-soul.pl\/index.php\/ksiega-tajemnic\/\">\n\t\t\t\t\t\t\t<img decoding=\"async\" src=\"https:\/\/dancing-soul.pl\/wp-content\/uploads\/2024\/02\/365566922_608472938022886_3384473194719509289_n.gif\" title=\"365566922_608472938022886_3384473194719509289_n\" alt=\"Ksi\u0119ga Tajemnic\" loading=\"lazy\" \/>\t\t\t\t\t\t\t\t<\/a>\n\t\t\t\t\t\t\t\t\t\t\t<figcaption class=\"widget-image-caption wp-caption-text\">Ksi\u0119ga Radiowych Tajemnic<\/figcaption>\n\t\t\t\t\t\t\t\t\t\t<\/figure>\n\t\t\t\t\t\t\t\t\t<\/div>\n\t\t\t\t<\/div>\n\t\t\t\t\t<\/div>\n\t\t\t\t<\/div>\n\t\t\t\t<div class=\"elementor-element elementor-element-99d65b9 elementor-widget elementor-widget-html\" data-id=\"99d65b9\" data-element_type=\"widget\" data-widget_type=\"html.default\">\n\t\t\t\t<div class=\"elementor-widget-container\">\n\t\t\t\t\t<!-- start gg-chat-html - Copyright Fintecom Sp. z o.o. -->\n<a href=\"\/\/widget.gg.pl\/widget\/39b26417bb4c10a3ac52c808d16989171c1115b66a1cdedba85f58e31d578d24#uin%3D77132945%7Cmsg_online%3DWitam%2C%20w%20czym%20mog%C4%99%20pom%C3%B3c%7Cmsg_offline%3DZostaw%20wiadomo%C5%9B%C4%87%20i%20informacje%20kontaktowe%2C%20a%20odpowiemy%20na%20Twoje%20pytanie.%7Chash%3D39b26417bb4c10a3ac52c808d16989171c1115b66a1cdedba85f58e31d578d24\" rel=\"nofollow\" data-gg-widget=\"normal-bottom\" target=\"_blank\" style=\"display: inline-block; max-width: 201px; height: 34px; box-sizing: border-box; overflow: hidden; font-size: 12px; font-family: Arial, sans-serif; font-weight: normal; -webkit-font-smoothing: antialiased; -moz-osx-font-smoothing: antialiased; font-smoothing: antialiased; -webkit-border-radius: 17px; -moz-border-radius: 17px; border-radius: 17px; box-shadow: 0 1pt 12pt rgba(0,0,0,.3); -webkit-box-shadow: 0 1pt 12pt rgba(0,0,0,.3); -moz-box-shadow: 0 1pt 12pt rgba(0,0,0,.3); user-select: none;\">\n  <span style=\"float: right; max-width: 148px; height: 34px; padding: 0 15px 0 21px; margin-left: -16px; box-sizing: border-box; line-height: 34px; background-color: #1892fb; border-radius: 0 17px 17px 0; color: #fff; white-space: nowrap; overflow: hidden; text-overflow: ellipsis;\">napisz do nas<\/span>\n  <span style=\"display: flex; justify-content: center; align-items: center; float: left; width: 34px; height: 34px; box-sizing: border-box; background-color: #fff; border-radius: 50%\"><img decoding=\"async\" alt=\"\" style=\"display: block; width: 20px; height: 20px;\" src=\"https:\/\/status.gadu-gadu.pl\/users\/status.asp?id=77132945&amp;styl=4&amp;source=widget\"><\/span>\n<\/a><!-- Chcesz mie\u0107 GG Chat na swojej stronie? Sprawd\u017a https:\/\/www.ggchat.com\/ -->\n<!-- end gg-chat-html -->\n\n<!-- start gg-chat-javascript - kod javascript mo\u017cesz umie\u015bci\u0107 przed ko\u0144cowym znacznikiem body - Copyright Fintecom Sp. z o.o. -->\n<script type=\"text\/javascript\">\n(function() {\n    var s = document.createElement('script'); s.type = 'text\/javascript'; s.async = true; s.id = 'gg-widget-script';\n    s.src = '\/\/widget.gg.pl\/resources\/js\/widget.js';\n    var ss = document.getElementsByTagName('script')[0]; ss.parentNode.insertBefore(s, ss); })();\n<\/script>\n<!-- end gg-chat-javascript -->\t\t\t\t<\/div>\n\t\t\t\t<\/div>\n\t\t\t\t<div class=\"elementor-element elementor-element-cd931b0 elementor-shape-rounded elementor-grid-0 e-grid-align-center elementor-widget elementor-widget-social-icons\" data-id=\"cd931b0\" data-element_type=\"widget\" data-widget_type=\"social-icons.default\">\n\t\t\t\t<div class=\"elementor-widget-container\">\n\t\t\t\t\t\t\t<div class=\"elementor-social-icons-wrapper elementor-grid\">\n\t\t\t\t\t\t\t<span class=\"elementor-grid-item\">\n\t\t\t\t\t<a class=\"elementor-icon elementor-social-icon elementor-social-icon-facebook elementor-repeater-item-f841cce\" href=\"https:\/\/www.facebook.com\/profile.php?id=100085975525436\" target=\"_blank\">\n\t\t\t\t\t\t<span class=\"elementor-screen-only\">Facebook<\/span>\n\t\t\t\t\t\t<svg class=\"e-font-icon-svg e-fab-facebook\" viewBox=\"0 0 512 512\" xmlns=\"http:\/\/www.w3.org\/2000\/svg\"><path d=\"M504 256C504 119 393 8 256 8S8 119 8 256c0 123.78 90.69 226.38 209.25 245V327.69h-63V256h63v-54.64c0-62.15 37-96.48 93.67-96.48 27.14 0 55.52 4.84 55.52 4.84v61h-31.28c-30.8 0-40.41 19.12-40.41 38.73V256h68.78l-11 71.69h-57.78V501C413.31 482.38 504 379.78 504 256z\"><\/path><\/svg>\t\t\t\t\t<\/a>\n\t\t\t\t<\/span>\n\t\t\t\t\t\t\t<span class=\"elementor-grid-item\">\n\t\t\t\t\t<a class=\"elementor-icon elementor-social-icon elementor-social-icon-sun elementor-repeater-item-26fb0d7\" href=\"\" target=\"_blank\">\n\t\t\t\t\t\t<span class=\"elementor-screen-only\">Sun<\/span>\n\t\t\t\t\t\t<svg class=\"e-font-icon-svg e-fas-sun\" viewBox=\"0 0 512 512\" xmlns=\"http:\/\/www.w3.org\/2000\/svg\"><path d=\"M256 160c-52.9 0-96 43.1-96 96s43.1 96 96 96 96-43.1 96-96-43.1-96-96-96zm246.4 80.5l-94.7-47.3 33.5-100.4c4.5-13.6-8.4-26.5-21.9-21.9l-100.4 33.5-47.4-94.8c-6.4-12.8-24.6-12.8-31 0l-47.3 94.7L92.7 70.8c-13.6-4.5-26.5 8.4-21.9 21.9l33.5 100.4-94.7 47.4c-12.8 6.4-12.8 24.6 0 31l94.7 47.3-33.5 100.5c-4.5 13.6 8.4 26.5 21.9 21.9l100.4-33.5 47.3 94.7c6.4 12.8 24.6 12.8 31 0l47.3-94.7 100.4 33.5c13.6 4.5 26.5-8.4 21.9-21.9l-33.5-100.4 94.7-47.3c13-6.5 13-24.7.2-31.1zm-155.9 106c-49.9 49.9-131.1 49.9-181 0-49.9-49.9-49.9-131.1 0-181 49.9-49.9 131.1-49.9 181 0 49.9 49.9 49.9 131.1 0 181z\"><\/path><\/svg>\t\t\t\t\t<\/a>\n\t\t\t\t<\/span>\n\t\t\t\t\t\t\t<span class=\"elementor-grid-item\">\n\t\t\t\t\t<a class=\"elementor-icon elementor-social-icon elementor-social-icon-whatsapp elementor-repeater-item-d00f023\" target=\"_blank\">\n\t\t\t\t\t\t<span class=\"elementor-screen-only\">Whatsapp<\/span>\n\t\t\t\t\t\t<svg class=\"e-font-icon-svg e-fab-whatsapp\" viewBox=\"0 0 448 512\" xmlns=\"http:\/\/www.w3.org\/2000\/svg\"><path d=\"M380.9 97.1C339 55.1 283.2 32 223.9 32c-122.4 0-222 99.6-222 222 0 39.1 10.2 77.3 29.6 111L0 480l117.7-30.9c32.4 17.7 68.9 27 106.1 27h.1c122.3 0 224.1-99.6 224.1-222 0-59.3-25.2-115-67.1-157zm-157 341.6c-33.2 0-65.7-8.9-94-25.7l-6.7-4-69.8 18.3L72 359.2l-4.4-7c-18.5-29.4-28.2-63.3-28.2-98.2 0-101.7 82.8-184.5 184.6-184.5 49.3 0 95.6 19.2 130.4 54.1 34.8 34.9 56.2 81.2 56.1 130.5 0 101.8-84.9 184.6-186.6 184.6zm101.2-138.2c-5.5-2.8-32.8-16.2-37.9-18-5.1-1.9-8.8-2.8-12.5 2.8-3.7 5.6-14.3 18-17.6 21.8-3.2 3.7-6.5 4.2-12 1.4-32.6-16.3-54-29.1-75.5-66-5.7-9.8 5.7-9.1 16.3-30.3 1.8-3.7.9-6.9-.5-9.7-1.4-2.8-12.5-30.1-17.1-41.2-4.5-10.8-9.1-9.3-12.5-9.5-3.2-.2-6.9-.2-10.6-.2-3.7 0-9.7 1.4-14.8 6.9-5.1 5.6-19.4 19-19.4 46.3 0 27.3 19.9 53.7 22.6 57.4 2.8 3.7 39.1 59.7 94.8 83.8 35.2 15.2 49 16.5 66.6 13.9 10.7-1.6 32.8-13.4 37.4-26.4 4.6-13 4.6-24.1 3.2-26.4-1.3-2.5-5-3.9-10.5-6.6z\"><\/path><\/svg>\t\t\t\t\t<\/a>\n\t\t\t\t<\/span>\n\t\t\t\t\t<\/div>\n\t\t\t\t\t\t<\/div>\n\t\t\t\t<\/div>\n\t\t\t\t\t<\/div>\n\t\t\t\t<\/div>\n\t\t\t\t<\/div>\n\t\t","protected":false},"excerpt":{"rendered":"<p>Marecki Dancing Soul Klaudia Monia76 DancingSoul W porozumieniu ze sponsorami , jak i darczy\u0144cami. Otwieramy nowe mo\u017cliwo\u015bci przed potrzebuj\u0105cymi. -Organizacja leczenia -pomoc w wykupieniu lek\u00f3w [&hellip;]<\/p>\n","protected":false},"author":1,"featured_media":0,"parent":0,"menu_order":0,"comment_status":"closed","ping_status":"closed","template":"templates\/builder-fullwidth-std.php","meta":{"footnotes":""},"class_list":["post-20","page","type-page","status-publish","hentry"],"_links":{"self":[{"href":"https:\/\/dancing-soul.pl\/index.php\/wp-json\/wp\/v2\/pages\/20","targetHints":{"allow":["GET"]}}],"collection":[{"href":"https:\/\/dancing-soul.pl\/index.php\/wp-json\/wp\/v2\/pages"}],"about":[{"href":"https:\/\/dancing-soul.pl\/index.php\/wp-json\/wp\/v2\/types\/page"}],"author":[{"embeddable":true,"href":"https:\/\/dancing-soul.pl\/index.php\/wp-json\/wp\/v2\/users\/1"}],"replies":[{"embeddable":true,"href":"https:\/\/dancing-soul.pl\/index.php\/wp-json\/wp\/v2\/comments?post=20"}],"version-history":[{"count":652,"href":"https:\/\/dancing-soul.pl\/index.php\/wp-json\/wp\/v2\/pages\/20\/revisions"}],"predecessor-version":[{"id":1089,"href":"https:\/\/dancing-soul.pl\/index.php\/wp-json\/wp\/v2\/pages\/20\/revisions\/1089"}],"wp:attachment":[{"href":"https:\/\/dancing-soul.pl\/index.php\/wp-json\/wp\/v2\/media?parent=20"}],"curies":[{"name":"wp","href":"https:\/\/api.w.org\/{rel}","templated":true}]}}